{"id":3290,"date":"2021-12-01T10:12:32","date_gmt":"2021-12-01T13:12:32","guid":{"rendered":"https:\/\/qualityacademia.com.br\/?page_id=3290"},"modified":"2022-03-24T17:38:41","modified_gmt":"2022-03-24T20:38:41","slug":"quem-somos","status":"publish","type":"page","link":"https:\/\/qualityacademia.com.br\/?page_id=3290","title":{"rendered":"Quality"},"content":{"rendered":"\t\t<div data-elementor-type=\"wp-page\" data-elementor-id=\"3290\" class=\"elementor elementor-3290\">\n\t\t\t\t\t\t\t\t\t<section class=\"elementor-section elementor-top-section elementor-element elementor-element-af3cb6e elementor-section-boxed elementor-section-height-default elementor-section-height-default\" data-id=\"af3cb6e\" data-element_type=\"section\">\n\t\t\t\t\t\t<div class=\"elementor-container elementor-column-gap-default\">\n\t\t\t\t\t<div class=\"elementor-column elementor-col-100 elementor-top-column elementor-element elementor-element-17a10180\" data-id=\"17a10180\" data-element_type=\"column\">\n\t\t\t<div class=\"elementor-widget-wrap elementor-element-populated\">\n\t\t\t\t\t\t\t\t<div class=\"elementor-element elementor-element-42ed47ae elementor-widget elementor-widget-text-editor\" data-id=\"42ed47ae\" data-element_type=\"widget\" data-widget_type=\"text-editor.default\">\n\t\t\t\t<div class=\"elementor-widget-container\">\n\t\t\t<style>\/*! elementor - v3.6.7 - 03-07-2022 *\/\n.elementor-widget-text-editor.elementor-drop-cap-view-stacked .elementor-drop-cap{background-color:#818a91;color:#fff}.elementor-widget-text-editor.elementor-drop-cap-view-framed .elementor-drop-cap{color:#818a91;border:3px solid;background-color:transparent}.elementor-widget-text-editor:not(.elementor-drop-cap-view-default) .elementor-drop-cap{margin-top:8px}.elementor-widget-text-editor:not(.elementor-drop-cap-view-default) .elementor-drop-cap-letter{width:1em;height:1em}.elementor-widget-text-editor .elementor-drop-cap{float:left;text-align:center;line-height:1;font-size:50px}.elementor-widget-text-editor .elementor-drop-cap-letter{display:inline-block}<\/style>\t\t\t\t<p><!-- wp:paragraph --><\/p>\n<p>Desde 2008, a <strong>Quality Academia<\/strong> est\u00e1 presente na cidade de Ara\u00e7atuba-SP, contribuindo na sa\u00fade, desenvolvimento e qualidade de vida da popula\u00e7\u00e3o.<\/p>\n<p>Buscamos sempre trazer um ambiente agrad\u00e1vel, variedades em equipamentos, e um atendimento de qualidade.\u00a0<br \/><span style=\"color: var( --e-global-color-text ); font-family: var( --e-global-typography-text-font-family ), Sans-serif; font-weight: var( --e-global-typography-text-font-weight );\">N\u00f3s temos uma equipe de profissionais capacitados, onde todos os nossos professores s\u00e3o registrados no CREF conforme exig\u00eancia da legisla\u00e7\u00e3o.<\/span><\/p>\n<p>Nossa estrutura \u00e9 composta por uma sala ampla para <strong>Muscula\u00e7\u00e3o<\/strong>, um espa\u00e7o espec\u00edfico para treinamento <strong>Funcional<\/strong>, sala de <strong>Avalia\u00e7\u00e3o F\u00edsica<\/strong> e salas espec\u00edficas para as atividades de <strong>Spinning<\/strong>, <strong>Ritmos<\/strong>, <strong>Jiu-Jitsu<\/strong>, <strong>Muay Thai<\/strong>,\u00a0 <strong>Esgrima<\/strong>, <strong>Hip Hop<\/strong>, <strong>Ballet Infantil<\/strong>, <strong>Jazz Infantil<\/strong> e duas salas de <strong>Pilates<\/strong>.<\/p>\n<p>Temos tamb\u00e9m em nossas instala\u00e7\u00f5es,\u00a0<span style=\"color: var( --e-global-color-text ); font-family: var( --e-global-typography-text-font-family ), Sans-serif; font-weight: var( --e-global-typography-text-font-weight );\">a cafeteria <strong>QCaf\u00e9<\/strong>, e\u00a0<\/span><span style=\"color: var( --e-global-color-text ); font-family: var( --e-global-typography-text-font-family ), Sans-serif; font-weight: var( --e-global-typography-text-font-weight );\">o <strong>Espa\u00e7o Kids<\/strong> para as crian\u00e7as se divertirem enquanto seus pais treinam, trazendo facilidade para o seu dia a dia.<\/span><\/p>\n<p><em><strong><span style=\"color: var( --e-global-color-text ); font-family: var( --e-global-typography-text-font-family ), Sans-serif;\">Sejam bem-vindos a Quality Academia!<\/span><\/strong><\/em><\/p>\n<p><!-- \/wp:paragraph --><\/p>\t\t\t\t\t\t<\/div>\n\t\t\t\t<\/div>\n\t\t\t\t\t<\/div>\n\t\t<\/div>\n\t\t\t\t\t\t\t<\/div>\n\t\t<\/section>\n\t\t\t\t\t\t\t<\/div>\n\t\t","protected":false},"excerpt":{"rendered":"<p>Desde 2008, a Quality Academia est\u00e1 presente na cidade de Ara\u00e7atuba-SP, contribuindo na sa\u00fade, desenvolvimento e qualidade de vida da popula\u00e7\u00e3o. Buscamos sempre trazer um ambiente agrad\u00e1vel, variedades em equipamentos, e um atendimento de qualidade.\u00a0N\u00f3s temos uma equipe de profissionais capacitados, onde todos os nossos professores s\u00e3o registrados no CREF conforme exig\u00eancia da legisla\u00e7\u00e3o. Nossa &hellip;<\/p>\n<p class=\"read-more\"> <a class=\"\" href=\"https:\/\/qualityacademia.com.br\/?page_id=3290\"> <span class=\"screen-reader-text\">Quality<\/span> Leia mais &raquo;<\/a><\/p>\n","protected":false},"author":1,"featured_media":0,"parent":0,"menu_order":0,"comment_status":"closed","ping_status":"closed","template":"","meta":{"site-sidebar-layout":"default","site-content-layout":"default","ast-global-header-display":"","ast-main-header-display":"","ast-hfb-above-header-display":"","ast-hfb-below-header-display":"","ast-hfb-mobile-header-display":"","site-post-title":"","ast-breadcrumbs-content":"","ast-featured-img":"","footer-sml-layout":"","theme-transparent-header-meta":"","adv-header-id-meta":"","stick-header-meta":"","header-above-stick-meta":"","header-main-stick-meta":"","header-below-stick-meta":""},"aioseo_notices":[],"_links":{"self":[{"href":"https:\/\/qualityacademia.com.br\/index.php?rest_route=\/wp\/v2\/pages\/3290"}],"collection":[{"href":"https:\/\/qualityacademia.com.br\/index.php?rest_route=\/wp\/v2\/pages"}],"about":[{"href":"https:\/\/qualityacademia.com.br\/index.php?rest_route=\/wp\/v2\/types\/page"}],"author":[{"embeddable":true,"href":"https:\/\/qualityacademia.com.br\/index.php?rest_route=\/wp\/v2\/users\/1"}],"replies":[{"embeddable":true,"href":"https:\/\/qualityacademia.com.br\/index.php?rest_route=%2Fwp%2Fv2%2Fcomments&post=3290"}],"version-history":[{"count":8,"href":"https:\/\/qualityacademia.com.br\/index.php?rest_route=\/wp\/v2\/pages\/3290\/revisions"}],"predecessor-version":[{"id":3423,"href":"https:\/\/qualityacademia.com.br\/index.php?rest_route=\/wp\/v2\/pages\/3290\/revisions\/3423"}],"wp:attachment":[{"href":"https:\/\/qualityacademia.com.br\/index.php?rest_route=%2Fwp%2Fv2%2Fmedia&parent=3290"}],"curies":[{"name":"wp","href":"https:\/\/api.w.org\/{rel}","templated":true}]}}